{"id":1372,"date":"2019-11-28T05:31:52","date_gmt":"2019-11-28T04:31:52","guid":{"rendered":"http:\/\/www.brconsultors.com\/consultor-tributari-i-laboral\/"},"modified":"2025-10-28T06:58:11","modified_gmt":"2025-10-28T05:58:11","slug":"consultor-tributario-y-laboral","status":"publish","type":"page","link":"https:\/\/www.brconsultors.com\/es\/","title":{"rendered":"BR Consultors"},"content":{"rendered":"<p>[vc_row full_width=\u00bbstretch_row_content_no_spaces\u00bb css=\u00bb.vc_custom_1575636953274{margin-top: -50px !important;padding-top: 0px !important;background-position: center !important;background-repeat: no-repeat !important;background-size: cover !important;}\u00bb][vc_column]<div class=\"banner-area banner- autoplay-true social-buttons-align-right with-wave\"><div class=\"banner-bottom\"><div class=\"container\"><div class=\"dots\"><\/div><\/div><\/div><div class=\"banner  fixed-height style1\" style=\"height: 650px;\"><div class=\"item banner-item-69fc8ddc5d951 middle tal black\" style=\"background-image: url(https:\/\/www.brconsultors.com\/wp-content\/uploads\/2019\/12\/br-consultors-sl-002.jpg);background-position: bottom center;\"><div class=\"overlay\"><\/div><div class=\"container\"><div class=\"cell\"><div class=\"event-detail\"><div class=\"d\"><i class=\"material-design-icon-map-placeholder\"><\/i><span>Ps. La Salle, 7-D, local 5 - 43850 Cambrils<\/span><\/div><\/div><div class=\"h\">BR Consultors<br \/>\n<span>Cambrils<\/span><\/div><div class=\"link-area\"><a href=\"https:\/\/www.google.es\/maps\/place\/Passeig+d&#039;Albert,+7D,+43850+Cambrils,+Tarragona\/@41.0714337,1.0547964,19z\/data=!3m1!4b1!4m19!1m13!4m12!1m6!1m2!1s0x12a145326809732d:0xca8c411a7a24cee1!2sBR+CONSULTORS,+Passeig+la+Salle,+7D,+43850+Cambrils,+Tarragona!2m2!1d1.0553903!2d41.0713878!1m3!2m2!1d1.0553895!2d41.0713944!3e0!3m4!1s0x12a144d443f8bbcf:0x4f8ca85529e84142!8m2!3d41.0714327!4d1.0553436\" class=\"button-style1 link1\" title=\"VER EN EL MAPA\" target=\" _blank\"><span>VER EN EL MAPA<\/span><\/a><\/div><\/div><\/div><\/div><\/div><div class=\"wave-block wave-style6\"><\/div><\/div>[\/vc_column][\/vc_row][vc_row][vc_column width=\u00bb1\/2&#8243; css=\u00bb.vc_custom_1574953594918{padding-top: -25px !important;}\u00bb][vc_icon icon_fontawesome=\u00bbbase-icons-avatar\u00bb color=\u00bbcustom\u00bb size=\u00bblg\u00bb align=\u00bbright\u00bb custom_color=\u00bb#000000&#8243;]<div class=\"pt-special-heading pt-special-heading-5de0cd95a935a  tar decor-line-on-bottom\"><h3 class=\"heading fw-200\"><i><span>Blai<\/span> Rocamora<br \/>\ni Francesc<\/i><\/h3><\/div>[vc_column_text]<\/p>\n<p style=\"text-align: right;\"><span style=\"color: #808080;\">Consultor tributario y laboral con una larga experiencia en el sector. Desde el a\u00f1o 1986 hasta el 2019 vine desarrollando las tareas de asesoramiento fiscal, contable y laboral dentro de la estructura de otra asesor\u00eda. A partir del a\u00f1o 2019 inici\u00e9 un nuevo proyecto profesional con la apertura de este nuevo despacho. Bajo la marca de BR Consultors\u00ae, he querido integrar los conocimientos y experiencia propia con los valores que considero imprescindibles para el desarrollo de los servicios.<\/span><\/p>\n<p>[\/vc_column_text][vc_empty_space height=\u00bb10px\u00bb]<div class=\"button-container  wpb_animate_when_almost_visible wpb_fadeInRight fadeInRight tar\"><a href=\"http:\/\/www.brconsultors.com\/es\/contacto\/\" class=\"button-style2 button-with-icon\" title=\"CONTACTAR\" target=\"_self\"><span>CONTACTAR<\/span><i class=\"base-icons-next-1\"><\/i><\/a><\/div>[\/vc_column][vc_column width=\u00bb1\/2&#8243; css=\u00bb.vc_custom_1575016998373{padding-top: 50px !important;}\u00bb][vc_empty_space height=\u00bb25px\u00bb][vc_single_image image=\u00bb1365&#8243; img_size=\u00bbfull\u00bb style=\u00bbvc_box_border\u00bb css_animation=\u00bbleft-to-right\u00bb][\/vc_column][\/vc_row][vc_row css=\u00bb.vc_custom_1575203641329{padding-top: 35px !important;}\u00bb][vc_column][vc_separator color=\u00bbcustom\u00bb style=\u00bbdashed\u00bb css=\u00bb.vc_custom_1575015992219{padding-top: 20px !important;padding-bottom: 20px !important;}\u00bb accent_color=\u00bb#919191&#8243;][\/vc_column][\/vc_row][vc_row][vc_column width=\u00bb1\/2&#8243; css=\u00bb.vc_custom_1574953594918{padding-top: -25px !important;}\u00bb][vc_empty_space height=\u00bb25px\u00bb][vc_single_image image=\u00bb1352&#8243; img_size=\u00bbfull\u00bb style=\u00bbvc_box_border\u00bb css_animation=\u00bbleft-to-right\u00bb][\/vc_column][vc_column width=\u00bb1\/2&#8243; css=\u00bb.vc_custom_1644073246826{padding-top: -25px !important;}\u00bb][vc_icon icon_fontawesome=\u00bbbase-icons-like\u00bb color=\u00bbcustom\u00bb size=\u00bblg\u00bb custom_color=\u00bb#000000&#8243;]<div class=\"pt-special-heading pt-special-heading-69fc8ddc5dd84  tal decor-line-on-bottom\"><h3 class=\"heading fw-200\"><i>Nuestros<br \/>\n<span>valores<\/span><\/i><\/h3><\/div>\r\n        <div class=\"tabs tabs-69fc8ddc5ddf7\">\r\n            <div class=\"tabs-head\">\r\n                                    <div class=\"item current\">\r\n                        <span>Integridad<\/span>\r\n                    <\/div>\r\n                                    <div class=\"item\">\r\n                        <span>Honestidad<\/span>\r\n                    <\/div>\r\n                                    <div class=\"item\">\r\n                        <span>Excelencia<\/span>\r\n                    <\/div>\r\n                            <\/div>\r\n            <div class=\"tabs-body\">            <div class=\"tab-content\">\r\n                <div class=\"tab-m-button\">\r\n                    <span>Integridad<\/span>\r\n                <\/div>\r\n                <div class=\"tab-inner-content\"><div class=\"pt-special-heading pt-special-heading-69fc8ddc5e1d4  tal\"><h3 class=\"heading fw-200\"><i>La m\u00e1xima prioridad es realizar el mejor servicio posible,<\/i><\/h3><\/div>[vc_column_text]<\/p>\n<p style=\"text-align: left;\"><span style=\"color: #808080;\">adecuado a las necesidades espec\u00edficas del cliente y manteniendo por encima de todo la integridad e independencia profesional respecto a la defensa de sus intereses.<\/span><\/p>\n<p>[\/vc_column_text][vc_empty_space height=\u00bb10px\u00bb]<div class=\"button-container tal\"><a href=\"http:\/\/www.brconsultors.com\/es\/contacto\/\" class=\"button-style2 button-with-icon\" title=\"CONTACTAR\" target=\"_self\"><span>CONTACTAR<\/span><i class=\"base-icons-next-1\"><\/i><\/a><\/div><\/div>\r\n            <\/div>\r\n                    <div class=\"tab-content\">\r\n                <div class=\"tab-m-button\">\r\n                    <span>Honestidad<\/span>\r\n                <\/div>\r\n                <div class=\"tab-inner-content\"><div class=\"pt-special-heading pt-special-heading-69fc8ddc5e2d4  tal\"><h3 class=\"heading fw-200\"><i>Con el fin de destacar en los resultados hay que ser honesto<\/i><\/h3><\/div>[vc_column_text]<\/p>\n<p style=\"text-align: left;\"><span style=\"color: #808080;\">con uno mismo. Siempre hay que dar lo mejor de nuestras aptitudes. Los clientes deben sentirse salvaguardados, acompa\u00f1ados y protegidos en el d\u00eda a d\u00eda de su actividad empresarial y\/o profesional. La mejor manera es acreditar una alta honestidad en todos servicios realizados. Dar lo mejor, es resultado del conocimiento y la tarea de escuchar al cliente, la responsabilidad y la transparencia en las actuaciones.<\/span><\/p>\n<p>[\/vc_column_text][vc_empty_space height=\u00bb10px\u00bb]<div class=\"button-container tal\"><a href=\"http:\/\/www.brconsultors.com\/es\/contacto\/\" class=\"button-style2 button-with-icon\" title=\"CONTACTAR\" target=\"_self\"><span>CONTACTAR<\/span><i class=\"base-icons-next-1\"><\/i><\/a><\/div><\/div>\r\n            <\/div>\r\n                    <div class=\"tab-content\">\r\n                <div class=\"tab-m-button\">\r\n                    <span>Excelencia<\/span>\r\n                <\/div>\r\n                <div class=\"tab-inner-content\"><div class=\"pt-special-heading pt-special-heading-69fc8ddc5e3ad  tal\"><h3 class=\"heading fw-200\"><i>La mejora continua<br \/>\nen la prestaci\u00f3n de los servicios,<\/i><\/h3><\/div>[vc_column_text]<\/p>\n<p style=\"text-align: left;\"><span style=\"color: #808080;\">junto con la formaci\u00f3n constante son las acreditaciones \u00f3ptimas para ofrecer un servicio esmerado y adecuado a las necesidades de los clientes. Hay que a\u00f1adir al mismo tiempo, el compromiso, la agilidad, la rapidez, la flexibilidad y, en general, la eficiencia en el servicio que conducen indefectiblemente en la excelencia. Todo ello dirigido a la voluntad de superar las expectativas de los clientes.<\/span><\/p>\n<p>[\/vc_column_text][vc_empty_space height=\u00bb10px\u00bb]<div class=\"button-container tal\"><a href=\"http:\/\/www.brconsultors.com\/es\/contacto\/\" class=\"button-style2 button-with-icon\" title=\"CONTACTAR\" target=\"_self\"><span>CONTACTAR<\/span><i class=\"base-icons-next-1\"><\/i><\/a><\/div><\/div>\r\n            <\/div>\r\n        <\/div>\r\n        <\/div>\r\n        \r\n        [\/vc_column][\/vc_row][vc_row css=\u00bb.vc_custom_1575203641329{padding-top: 35px !important;}\u00bb][vc_column][vc_separator color=\u00bbcustom\u00bb style=\u00bbdashed\u00bb css=\u00bb.vc_custom_1575015992219{padding-top: 20px !important;padding-bottom: 20px !important;}\u00bb accent_color=\u00bb#919191&#8243;][\/vc_column][\/vc_row][vc_row css=\u00bb.vc_custom_1575203714444{padding-top: 0px !important;padding-bottom: 35px !important;}\u00bb][vc_column width=\u00bb1\/4&#8243;][vc_empty_space height=\u00bb20px\u00bb]\r\n        <div class=\"contact-row contact-row-69fc8ddc5e45f  wpb_animate_when_almost_visible wpb_fadeInLeft fadeInLeft\">\r\n                            <div class=\"icon base-icons-phone-call\"><\/div>\r\n                            <h5 class=\"heading\"><span>Tel\u00e9fono<\/span><br \/>\nde contacto<\/h5>\r\n                            <div class=\"desc\">+34 977 557 167<\/div>\r\n                    <\/div>\r\n        \r\n        [\/vc_column][vc_column width=\u00bb1\/4&#8243;][vc_empty_space height=\u00bb20px\u00bb]\r\n        <div class=\"contact-row contact-row-69fc8ddc5e4cc  wpb_animate_when_almost_visible wpb_fadeInRight fadeInRight\">\r\n                            <div class=\"icon marketing-icon-mobile-1\"><\/div>\r\n                            <h5 class=\"heading\"><span>Tel\u00e9fono m\u00f3vil<\/span><br \/>\ny whatsapp<\/h5>\r\n                            <div class=\"desc\">+34 608 75 15 87<\/div>\r\n                    <\/div>\r\n        \r\n        [\/vc_column][vc_column width=\u00bb1\/4&#8243;][vc_empty_space height=\u00bb20px\u00bb]\r\n        <div class=\"contact-row contact-row-69fc8ddc5e52a  wpb_animate_when_almost_visible wpb_fadeInDown fadeInDown\">\r\n                            <div class=\"icon base-icons-envelope\"><\/div>\r\n                            <h5 class=\"heading\"><span>Correo<\/span><br \/>\nElectr\u00f3nico<\/h5>\r\n                            <div class=\"desc\">info@brconsultors.com<\/div>\r\n                    <\/div>\r\n        \r\n        [\/vc_column][vc_column width=\u00bb1\/4&#8243;][vc_empty_space height=\u00bb20px\u00bb]\r\n        <div class=\"contact-row contact-row-69fc8ddc5e586  wpb_animate_when_almost_visible wpb_fadeInRight fadeInRight\">\r\n                            <div class=\"icon base-icons-placeholder\"><\/div>\r\n                            <h5 class=\"heading\"><span>Oficina<\/span><br \/>\nen Cambrils<\/h5>\r\n                            <div class=\"desc\">Ps. La Salle, 7-D Local 5<\/div>\r\n                    <\/div>\r\n        \r\n        [\/vc_column][\/vc_row][vc_row full_width=\u00bbstretch_row_content_no_spaces\u00bb background_position=\u00bbleft top\u00bb css=\u00bb.vc_custom_1575642719663{background-image: url(http:\/\/www.brconsultors.com\/wp-content\/uploads\/2019\/12\/br-consultors-sl-fix-04.jpg?id=1222) !important;background-position: center !important;background-repeat: no-repeat !important;background-size: cover !important;}\u00bb][vc_column css=\u00bb.vc_custom_1575203562881{padding-top: 60px !important;}\u00bb]\r\n            <div class=\"wave-area\">\r\n                <div class=\"wave-block wave-block-69fc8ddc5e5e1 wave-style3\"><\/div>\r\n            <\/div>\r\n        \r\n        [\/vc_column][vc_column width=\u00bb1\/3&#8243;][\/vc_column][vc_column width=\u00bb1\/3&#8243;][vc_column_text css_animation=\u00bbfadeInUp\u00bb]<\/p>\n<p style=\"text-align: center;\"><span style=\"font-size: 36px;\">News BR Consultors<br \/>\n<\/span><script>(function() {\n\twindow.mc4wp = window.mc4wp || {\n\t\tlisteners: [],\n\t\tforms: {\n\t\t\ton: function(evt, cb) {\n\t\t\t\twindow.mc4wp.listeners.push(\n\t\t\t\t\t{\n\t\t\t\t\t\tevent   : evt,\n\t\t\t\t\t\tcallback: cb\n\t\t\t\t\t}\n\t\t\t\t);\n\t\t\t}\n\t\t}\n\t}\n})();\n<\/script><!-- Mailchimp for WordPress v4.9.11 - https:\/\/wordpress.org\/plugins\/mailchimp-for-wp\/ --><form id=\"mc4wp-form-1\" class=\"mc4wp-form mc4wp-form-952\" method=\"post\" data-id=\"952\" data-name=\"Suscripcions web\" ><div class=\"mc4wp-form-fields\">  <div class=\"subscribe-form\">\r\n      <input type=\"email\" name=\"EMAIL\" placeholder=\"E-mail...\" required=\"\" class=\"wpcf7-form-control wpcf7-text wpcf7-email wpcf7-validates-as-required wpcf7-validates-as-email style1\">\r\n      <button type=\"submit\" class=\"button-style2 button-with-icon color2\"><span>Enviar<\/span><i class=\"fa fa-angle-right\"><\/i><\/button>\r\n      <input name=\"AGREE_TO_TERMS\" type=\"checkbox\" value=\"1\" required=\"\"> <span><a href=\"https:\/\/www.brconsultors.com\/docs\/BR-consultors-lopd-newsletter.pdf\" target=\"_blank\"> Cl\u00e0usula ok<\/a><\/span>\r\n<\/div>\r\n  <\/div><label style=\"display: none !important;\">Deja vac\u00edo este campo si eres humano: <input type=\"text\" name=\"_mc4wp_honeypot\" value=\"\" tabindex=\"-1\" autocomplete=\"off\" \/><\/label><input type=\"hidden\" name=\"_mc4wp_timestamp\" value=\"1778159068\" \/><input type=\"hidden\" name=\"_mc4wp_form_id\" value=\"952\" \/><input type=\"hidden\" name=\"_mc4wp_form_element_id\" value=\"mc4wp-form-1\" \/><div class=\"mc4wp-response\"><\/div><\/form><!-- \/ Mailchimp for WordPress Plugin --><\/p>\n<p>[\/vc_column_text][\/vc_column][vc_column width=\u00bb1\/3&#8243;][\/vc_column][vc_column][vc_empty_space height=\u00bb100px\u00bb][\/vc_column][\/vc_row]<\/p>\n","protected":false},"excerpt":{"rendered":"<p>[vc_row full_width=\u00bbstretch_row_content_no_spaces\u00bb css=\u00bb.vc_custom_1575636953274{margin-top: -50px !important;padding-top: 0px !important;background-position: center !important;background-repeat: no-repeat !important;background-size: cover !important;}\u00bb][vc_column][\/vc_column][\/vc_row][vc_row][vc_column width=\u00bb1\/2&#8243; css=\u00bb.vc_custom_1574953594918{padding-top: -25px !important;}\u00bb][vc_icon icon_fontawesome=\u00bbbase-icons-avatar\u00bb color=\u00bbcustom\u00bb size=\u00bblg\u00bb align=\u00bbright\u00bb custom_color=\u00bb#000000&#8243;][vc_column_text] Consultor tributario y laboral con una larga experiencia en el sector. Desde el a\u00f1o 1986 hasta el 2019 vine desarrollando las tareas de asesoramiento fiscal, contable y laboral dentro de la estructura de [&hellip;]<\/p>\n","protected":false},"author":2,"featured_media":0,"parent":0,"menu_order":0,"comment_status":"closed","ping_status":"closed","template":"template-landing.php","meta":[],"acf":[],"yoast_head":"<!-- This site is optimized with the Yoast SEO plugin v21.0 - https:\/\/yoast.com\/wordpress\/plugins\/seo\/ -->\n<title>BR CONSULTORS Cambrils - Blai Rocamora i Francesc - Consultor<\/title>\n<meta name=\"description\" content=\"BR CONSULTORS - Blai Rocamora i Francesc - Consultor y asesor tributario, laboral, mercantil y otras en Cambrils. Confidencialidad, integridad, honestidad y excelencia. M\u00e1s de 30 a\u00f1os de experiencia.\" \/>\n<meta name=\"robots\" content=\"index, follow, max-snippet:-1, max-image-preview:large, max-video-preview:-1\" \/>\n<link rel=\"canonical\" href=\"https:\/\/www.brconsultors.com\/es\/\" \/>\n<meta property=\"og:locale\" content=\"es_ES\" \/>\n<meta property=\"og:type\" content=\"article\" \/>\n<meta property=\"og:title\" content=\"BR CONSULTORS Cambrils - Blai Rocamora i Francesc - Consultor\" \/>\n<meta property=\"og:description\" content=\"BR CONSULTORS - Blai Rocamora i Francesc - Consultor y asesor tributario, laboral, mercantil y otras en Cambrils. Confidencialidad, integridad, honestidad y excelencia. M\u00e1s de 30 a\u00f1os de experiencia.\" \/>\n<meta property=\"og:url\" content=\"https:\/\/www.brconsultors.com\/es\/\" \/>\n<meta property=\"og:site_name\" content=\"BR Consultors\" \/>\n<meta property=\"article:modified_time\" content=\"2025-10-28T05:58:11+00:00\" \/>\n<meta name=\"twitter:card\" content=\"summary_large_image\" \/>\n<meta name=\"twitter:label1\" content=\"Tiempo de lectura\" \/>\n\t<meta name=\"twitter:data1\" content=\"3 minutos\" \/>\n<script type=\"application\/ld+json\" class=\"yoast-schema-graph\">{\"@context\":\"https:\/\/schema.org\",\"@graph\":[{\"@type\":\"WebPage\",\"@id\":\"https:\/\/www.brconsultors.com\/es\/\",\"url\":\"https:\/\/www.brconsultors.com\/es\/\",\"name\":\"BR CONSULTORS Cambrils - Blai Rocamora i Francesc - Consultor\",\"isPartOf\":{\"@id\":\"https:\/\/www.brconsultors.com\/#website\"},\"datePublished\":\"2019-11-28T04:31:52+00:00\",\"dateModified\":\"2025-10-28T05:58:11+00:00\",\"description\":\"BR CONSULTORS - Blai Rocamora i Francesc - Consultor y asesor tributario, laboral, mercantil y otras en Cambrils. Confidencialidad, integridad, honestidad y excelencia. M\u00e1s de 30 a\u00f1os de experiencia.\",\"breadcrumb\":{\"@id\":\"https:\/\/www.brconsultors.com\/es\/#breadcrumb\"},\"inLanguage\":\"es\",\"potentialAction\":[{\"@type\":\"ReadAction\",\"target\":[\"https:\/\/www.brconsultors.com\/es\/\"]}]},{\"@type\":\"BreadcrumbList\",\"@id\":\"https:\/\/www.brconsultors.com\/es\/#breadcrumb\",\"itemListElement\":[{\"@type\":\"ListItem\",\"position\":1,\"name\":\"Portada\",\"item\":\"https:\/\/www.brconsultors.com\/es\/\"},{\"@type\":\"ListItem\",\"position\":2,\"name\":\"BR Consultors\"}]},{\"@type\":\"WebSite\",\"@id\":\"https:\/\/www.brconsultors.com\/#website\",\"url\":\"https:\/\/www.brconsultors.com\/\",\"name\":\"BR Consultors\",\"description\":\"Blai Rocamora i Francesc. Consultor tributari, laboral i mercantil. Cambrils.\",\"publisher\":{\"@id\":\"https:\/\/www.brconsultors.com\/#organization\"},\"potentialAction\":[{\"@type\":\"SearchAction\",\"target\":{\"@type\":\"EntryPoint\",\"urlTemplate\":\"https:\/\/www.brconsultors.com\/?s={search_term_string}\"},\"query-input\":\"required name=search_term_string\"}],\"inLanguage\":\"es\"},{\"@type\":\"Organization\",\"@id\":\"https:\/\/www.brconsultors.com\/#organization\",\"name\":\"BR CONSULTORS\",\"url\":\"https:\/\/www.brconsultors.com\/\",\"logo\":{\"@type\":\"ImageObject\",\"inLanguage\":\"es\",\"@id\":\"https:\/\/www.brconsultors.com\/#\/schema\/logo\/image\/\",\"url\":\"https:\/\/www.brconsultors.com\/wp-content\/uploads\/2019\/05\/BR-consultors-logo-targeta.jpg\",\"contentUrl\":\"https:\/\/www.brconsultors.com\/wp-content\/uploads\/2019\/05\/BR-consultors-logo-targeta.jpg\",\"width\":1004,\"height\":650,\"caption\":\"BR CONSULTORS\"},\"image\":{\"@id\":\"https:\/\/www.brconsultors.com\/#\/schema\/logo\/image\/\"}}]}<\/script>\n<!-- \/ Yoast SEO plugin. -->","yoast_head_json":{"title":"BR CONSULTORS Cambrils - Blai Rocamora i Francesc - Consultor","description":"BR CONSULTORS - Blai Rocamora i Francesc - Consultor y asesor tributario, laboral, mercantil y otras en Cambrils. Confidencialidad, integridad, honestidad y excelencia. M\u00e1s de 30 a\u00f1os de experiencia.","robots":{"index":"index","follow":"follow","max-snippet":"max-snippet:-1","max-image-preview":"max-image-preview:large","max-video-preview":"max-video-preview:-1"},"canonical":"https:\/\/www.brconsultors.com\/es\/","og_locale":"es_ES","og_type":"article","og_title":"BR CONSULTORS Cambrils - Blai Rocamora i Francesc - Consultor","og_description":"BR CONSULTORS - Blai Rocamora i Francesc - Consultor y asesor tributario, laboral, mercantil y otras en Cambrils. Confidencialidad, integridad, honestidad y excelencia. M\u00e1s de 30 a\u00f1os de experiencia.","og_url":"https:\/\/www.brconsultors.com\/es\/","og_site_name":"BR Consultors","article_modified_time":"2025-10-28T05:58:11+00:00","twitter_card":"summary_large_image","twitter_misc":{"Tiempo de lectura":"3 minutos"},"schema":{"@context":"https:\/\/schema.org","@graph":[{"@type":"WebPage","@id":"https:\/\/www.brconsultors.com\/es\/","url":"https:\/\/www.brconsultors.com\/es\/","name":"BR CONSULTORS Cambrils - Blai Rocamora i Francesc - Consultor","isPartOf":{"@id":"https:\/\/www.brconsultors.com\/#website"},"datePublished":"2019-11-28T04:31:52+00:00","dateModified":"2025-10-28T05:58:11+00:00","description":"BR CONSULTORS - Blai Rocamora i Francesc - Consultor y asesor tributario, laboral, mercantil y otras en Cambrils. Confidencialidad, integridad, honestidad y excelencia. M\u00e1s de 30 a\u00f1os de experiencia.","breadcrumb":{"@id":"https:\/\/www.brconsultors.com\/es\/#breadcrumb"},"inLanguage":"es","potentialAction":[{"@type":"ReadAction","target":["https:\/\/www.brconsultors.com\/es\/"]}]},{"@type":"BreadcrumbList","@id":"https:\/\/www.brconsultors.com\/es\/#breadcrumb","itemListElement":[{"@type":"ListItem","position":1,"name":"Portada","item":"https:\/\/www.brconsultors.com\/es\/"},{"@type":"ListItem","position":2,"name":"BR Consultors"}]},{"@type":"WebSite","@id":"https:\/\/www.brconsultors.com\/#website","url":"https:\/\/www.brconsultors.com\/","name":"BR Consultors","description":"Blai Rocamora i Francesc. Consultor tributari, laboral i mercantil. Cambrils.","publisher":{"@id":"https:\/\/www.brconsultors.com\/#organization"},"potentialAction":[{"@type":"SearchAction","target":{"@type":"EntryPoint","urlTemplate":"https:\/\/www.brconsultors.com\/?s={search_term_string}"},"query-input":"required name=search_term_string"}],"inLanguage":"es"},{"@type":"Organization","@id":"https:\/\/www.brconsultors.com\/#organization","name":"BR CONSULTORS","url":"https:\/\/www.brconsultors.com\/","logo":{"@type":"ImageObject","inLanguage":"es","@id":"https:\/\/www.brconsultors.com\/#\/schema\/logo\/image\/","url":"https:\/\/www.brconsultors.com\/wp-content\/uploads\/2019\/05\/BR-consultors-logo-targeta.jpg","contentUrl":"https:\/\/www.brconsultors.com\/wp-content\/uploads\/2019\/05\/BR-consultors-logo-targeta.jpg","width":1004,"height":650,"caption":"BR CONSULTORS"},"image":{"@id":"https:\/\/www.brconsultors.com\/#\/schema\/logo\/image\/"}}]}},"_links":{"self":[{"href":"https:\/\/www.brconsultors.com\/es\/wp-json\/wp\/v2\/pages\/1372"}],"collection":[{"href":"https:\/\/www.brconsultors.com\/es\/wp-json\/wp\/v2\/pages"}],"about":[{"href":"https:\/\/www.brconsultors.com\/es\/wp-json\/wp\/v2\/types\/page"}],"author":[{"embeddable":true,"href":"https:\/\/www.brconsultors.com\/es\/wp-json\/wp\/v2\/users\/2"}],"replies":[{"embeddable":true,"href":"https:\/\/www.brconsultors.com\/es\/wp-json\/wp\/v2\/comments?post=1372"}],"version-history":[{"count":0,"href":"https:\/\/www.brconsultors.com\/es\/wp-json\/wp\/v2\/pages\/1372\/revisions"}],"wp:attachment":[{"href":"https:\/\/www.brconsultors.com\/es\/wp-json\/wp\/v2\/media?parent=1372"}],"curies":[{"name":"wp","href":"https:\/\/api.w.org\/{rel}","templated":true}]}}