{"id":1451,"date":"2019-11-25T05:31:52","date_gmt":"2019-11-25T04:31:52","guid":{"rendered":"http:\/\/www.brconsultors.com\/contacte\/"},"modified":"2025-10-28T06:59:00","modified_gmt":"2025-10-28T05:59:00","slug":"contacto","status":"publish","type":"page","link":"https:\/\/www.brconsultors.com\/es\/contacto\/","title":{"rendered":"Contacto"},"content":{"rendered":"<p>[vc_row full_width=\u00bbstretch_row_content_no_spaces\u00bb css=\u00bb.vc_custom_1557757054619{margin-top: -50px !important;padding-top: 0px !important;background-position: center !important;background-repeat: no-repeat !important;background-size: cover !important;}\u00bb][vc_column]<div class=\"banner-area banner- autoplay-true social-buttons-align-right with-wave\"><div class=\"banner-bottom\"><div class=\"container\"><div class=\"dots\"><\/div><\/div><\/div><div class=\"banner  fixed-height style1\" style=\"height: 650px;\"><div class=\"item banner-item-69fcac30dcb2c middle tal black\" style=\"background-image: url(https:\/\/www.brconsultors.com\/wp-content\/uploads\/2019\/12\/br-consultors-sl-014.jpg);\"><div class=\"overlay\"><\/div><div class=\"container\"><div class=\"cell\"><div class=\"event-detail\"><div class=\"d\"><i class=\"material-design-icon-map-placeholder\"><\/i><span>Ps. La Salle, 7-D, local 5 - 43850 Cambrils<\/span><\/div><\/div><div class=\"h\">BR Consultors<br \/>\n<span>Cambrils<\/span><\/div><div class=\"link-area\"><a href=\"https:\/\/www.google.es\/maps\/place\/Passeig+d&#039;Albert,+7D,+43850+Cambrils,+Tarragona\/@41.0714337,1.0547964,19z\/data=!3m1!4b1!4m19!1m13!4m12!1m6!1m2!1s0x12a145326809732d:0xca8c411a7a24cee1!2sBR+CONSULTORS,+Passeig+la+Salle,+7D,+43850+Cambrils,+Tarragona!2m2!1d1.0553903!2d41.0713878!1m3!2m2!1d1.0553895!2d41.0713944!3e0!3m4!1s0x12a144d443f8bbcf:0x4f8ca85529e84142!8m2!3d41.0714327!4d1.0553436\" class=\"button-style1 link1\" title=\"VER EN EL MAPA\" target=\" _blank\"><span>VER EN EL MAPA<\/span><\/a><\/div><\/div><\/div><\/div><\/div><div class=\"wave-block wave-style6\"><\/div><\/div>[\/vc_column][\/vc_row][vc_row][vc_column width=\u00bb1\/2&#8243; css=\u00bb.vc_custom_1575027506654{padding-top: 50px !important;}\u00bb][vc_single_image image=\u00bb1356&#8243; img_size=\u00bbfull\u00bb style=\u00bbvc_box_border\u00bb css=\u00bb.vc_custom_1575647936709{padding-top: 25px !important;}\u00bb][\/vc_column][vc_column width=\u00bb1\/2&#8243;][vc_icon icon_fontawesome=\u00bbbase-icons-settings-1&#8243; color=\u00bbcustom\u00bb size=\u00bblg\u00bb custom_color=\u00bb#000000&#8243;]<div class=\"pt-special-heading pt-special-heading-69fcac30dd03b  tal decor-line-on-bottom\"><div class=\"sub-h decor-h\"><span>BR CONSULTORS<\/span><\/div><h3 class=\"heading fw-200\"><i><span>Blai<\/span> Rocamora i Francesc<\/i><\/h3><\/div>\r\n        <div class=\"contact-row contact-row-69fcac30dd0c1\">\r\n                            <div class=\"icon fa fa-whatsapp\"><\/div>\r\n                            <h5 class=\"heading\"><span>Tel\u00e9fono<\/span> de contacto<\/h5>\r\n                            <div class=\"desc\">+34 977 557 167<\/div>\r\n                    <\/div>\r\n        \r\n        \r\n        <div class=\"contact-row contact-row-69fcac30dd122  vc_custom_1591513936108\">\r\n                            <div class=\"icon marketing-icon-mobile-1\"><\/div>\r\n                            <h5 class=\"heading\"><span>Tel\u00e9fono M\u00f3vil<\/span> y whatsapp<\/h5>\r\n                            <div class=\"desc\">+34 608 75 15 87<\/div>\r\n                    <\/div>\r\n        \r\n        \r\n        <div class=\"contact-row contact-row-69fcac30dd1b0  vc_custom_1591512405574\">\r\n                            <div class=\"icon base-icons-phone-call\"><\/div>\r\n                            <h5 class=\"heading\"><span>Correo<\/span> electr\u00f3nico<\/h5>\r\n                            <div class=\"desc\">info@brconsultors.com<\/div>\r\n                    <\/div>\r\n        \r\n        \r\n        <div class=\"contact-row contact-row-69fcac30dd20f  vc_custom_1585062831934\">\r\n                            <div class=\"icon base-icons-envelope\"><\/div>\r\n                            <h5 class=\"heading\">Oficina en <span>Cambrils<\/span><\/h5>\r\n                            <div class=\"desc\">Passeig La Salle, 7-D Local 5<br \/>\n43850-Cambrils (Tarragona)<\/div>\r\n                    <\/div>\r\n        \r\n        [\/vc_column][\/vc_row][vc_row css=\u00bb.vc_custom_1575044319156{padding-top: 35px !important;}\u00bb][vc_column]            <div class=\"square-bg-block square-bg-69fcac30dd275\"><\/div>\r\n        [vc_icon icon_fontawesome=\u00bbbase-icons-next\u00bb color=\u00bbcustom\u00bb size=\u00bblg\u00bb align=\u00bbcenter\u00bb custom_color=\u00bb#000000&#8243;]<div class=\"pt-special-heading pt-special-heading-69fcac30dd2b3  tac decor-line-on-bottom\"><h3 class=\"heading fw-200\"><i>Formulario de<br \/>\n<span>contacto<\/span><\/i><\/h3><\/div>[vc_column_text css=\u00bb.vc_custom_1585062857357{margin-top: -30px !important;}\u00bb]\n<div class=\"wpcf7 no-js\" id=\"wpcf7-f1399-o1\" lang=\"en-US\" dir=\"ltr\">\n<div class=\"screen-reader-response\"><p role=\"status\" aria-live=\"polite\" aria-atomic=\"true\"><\/p> <ul><\/ul><\/div>\n<form action=\"\/es\/wp-json\/wp\/v2\/pages\/1451#wpcf7-f1399-o1\" method=\"post\" class=\"wpcf7-form init\" aria-label=\"Contact form\" novalidate=\"novalidate\" data-status=\"init\">\n<div style=\"display: none;\">\n<input type=\"hidden\" name=\"_wpcf7\" value=\"1399\" \/>\n<input type=\"hidden\" name=\"_wpcf7_version\" value=\"5.7.5.1\" \/>\n<input type=\"hidden\" name=\"_wpcf7_locale\" value=\"en_US\" \/>\n<input type=\"hidden\" name=\"_wpcf7_unit_tag\" value=\"wpcf7-f1399-o1\" \/>\n<input type=\"hidden\" name=\"_wpcf7_container_post\" value=\"0\" \/>\n<input type=\"hidden\" name=\"_wpcf7_posted_data_hash\" value=\"\" \/>\n<\/div>\n<!--<div class=\"contact-form row\">  -->\n<div class=\"contact-form-t2\">\n\t<div class=\"p\">\n\t\t<p>Utilice el formulario de contacto para enviar cualquier consulta y te responderemos lo antes posible.\n\t\t<\/p>\n\t<\/div>\n\t<div class=\"col-xs-12 col-sm-6\">\n\t\t<p><span class=\"wpcf7-form-control-wrap\" data-name=\"f-nom\"><input size=\"40\" class=\"wpcf7-form-control wpcf7-text wpcf7-validates-as-required style1\" aria-required=\"true\" aria-invalid=\"false\" placeholder=\"Nombre y apellidos (*)\" value=\"\" type=\"text\" name=\"f-nom\" \/><\/span>\n\t\t<\/p>\n\t<\/div>\n\t<div class=\"col-xs-12 col-sm-6\">\n\t\t<p><span class=\"wpcf7-form-control-wrap\" data-name=\"f-empresa\"><input size=\"40\" class=\"wpcf7-form-control wpcf7-text style1\" aria-invalid=\"false\" placeholder=\"Nombre de la empresa\" value=\"\" type=\"text\" name=\"f-empresa\" \/><\/span>\n\t\t<\/p>\n\t<\/div>\n\t<div class=\"col-xs-12 col-sm-6\">\n\t\t<p><span class=\"wpcf7-form-control-wrap\" data-name=\"f-telefon\"><input size=\"40\" class=\"wpcf7-form-control wpcf7-text wpcf7-validates-as-required style1\" aria-required=\"true\" aria-invalid=\"false\" placeholder=\"Tel\u00e9fono de contacto (*)\" value=\"\" type=\"text\" name=\"f-telefon\" \/><\/span>\n\t\t<\/p>\n\t<\/div>\n\t<div class=\"col-xs-12 col-sm-6\">\n\t\t<p><span class=\"wpcf7-form-control-wrap\" data-name=\"correu-electronic\"><input size=\"40\" class=\"wpcf7-form-control wpcf7-text wpcf7-email wpcf7-validates-as-required wpcf7-validates-as-email style1\" aria-required=\"true\" aria-invalid=\"false\" placeholder=\"Correo electr\u00f3nico (*)\" value=\"\" type=\"email\" name=\"correu-electronic\" \/><\/span>\n\t\t<\/p>\n\t<\/div>\n\t<div class=\"col-xs-12\">\n\t\t<p><span class=\"wpcf7-form-control-wrap\" data-name=\"f-comentaris\"><textarea cols=\"40\" rows=\"1\" class=\"wpcf7-form-control wpcf7-textarea wpcf7-validates-as-required style1\" aria-required=\"true\" aria-invalid=\"false\" placeholder=\"Su consulta...\" name=\"f-comentaris\"><\/textarea><\/span>\n\t\t<\/p>\n\t<\/div>\n\t<div class=\"col-xs-6\">\n\t\t<p><span class=\"wpcf7-form-control-wrap\" data-name=\"acceptance-479\"><span class=\"wpcf7-form-control wpcf7-acceptance\"><span class=\"wpcf7-list-item\"><label><input type=\"checkbox\" name=\"acceptance-479\" value=\"1\" aria-invalid=\"false\" \/><span class=\"wpcf7-list-item-label\">&nbsp; <a href=\"http:\/\/www.brconsultors.com\/docs\/BR-consultors-lopd-es.pdf\" target=\"_blank\"> \u00a1Acepto la cl\u00e1usula!<\/a><\/span><\/label><\/span><\/span><\/span>\n\t\t<\/p>\n\t<\/div>\n\t<div class=\"col-xs-6\">\n\t\t<p><button type=\"submit\" class=\"button-style2 button-with-icon\"><span>Enviar la consulta<\/span><i class=\"fa fa-angle-right\"><\/i><\/button>\n\t\t<\/p>\n\t<\/div>\n<\/div><div class=\"wpcf7-response-output\" aria-hidden=\"true\"><\/div>\n<\/form>\n<\/div>\n[\/vc_column_text][\/vc_column][\/vc_row][vc_row][vc_column css=\u00bb.vc_custom_1575049043848{margin-top: 50px !important;margin-bottom: 20px !important;}\u00bb][vc_separator color=\u00bbcustom\u00bb style=\u00bbdotted\u00bb accent_color=\u00bb#919191&#8243; css=\u00bb.vc_custom_1575048699738{padding-top: 20px !important;padding-bottom: 20px !important;}\u00bb][\/vc_column][\/vc_row][vc_row][vc_column css=\u00bb.vc_custom_1575049031238{margin-bottom: 50px !important;}\u00bb][vc_icon icon_fontawesome=\u00bbbase-icons-pie-chart\u00bb color=\u00bbcustom\u00bb size=\u00bblg\u00bb align=\u00bbcenter\u00bb]<div class=\"pt-special-heading pt-special-heading-69fcac31055be  tac decor-line-on-bottom\"><h3 class=\"heading fw-200\"><i>Miembro <span>de:<\/span><\/i><\/h3><\/div>\r\n        <div class=\"brand-logo-items brand-logo-items-69fcac310568d  wpb_animate_when_almost_visible wpb_bounceIn bounceIn\">\r\n            \r\n            <div class=\"brand-logo-item\">\r\n                <div>\r\n                                            <a href=\"https:\/\/www.apttcb.cat\/\" target=\" _blank\">\r\n                    <img width=\"175\" height=\"89\" src=\"https:\/\/www.brconsultors.com\/wp-content\/uploads\/2019\/11\/logo-apttcb2.jpg\" class=\"attachment-full size-full\" alt=\"BR Consultors. Consultoria tribut\u00e0ria, laboral i mercantil a Cambrils. Confidencialitat, integritat, honestedat i excel\u00b7l\u00e8ncia. M\u00e9s de 30 anys d&#039;experi\u00e8ncia.\" decoding=\"async\" loading=\"lazy\" \/>                        <\/a>\r\n                                    <\/div>\r\n            <\/div>\r\n            \r\n        \r\n            <div class=\"brand-logo-item\">\r\n                <div>\r\n                                            <a href=\"https:\/\/accid.org\/\" target=\" _blank\">\r\n                    <img width=\"175\" height=\"89\" src=\"https:\/\/www.brconsultors.com\/wp-content\/uploads\/2019\/11\/logo-accid2.jpg\" class=\"attachment-full size-full\" alt=\"BR Consultors. Consultoria tribut\u00e0ria, laboral i mercantil a Cambrils. Confidencialitat, integritat, honestedat i excel\u00b7l\u00e8ncia. M\u00e9s de 30 anys d&#039;experi\u00e8ncia.\" decoding=\"async\" loading=\"lazy\" \/>                        <\/a>\r\n                                    <\/div>\r\n            <\/div>\r\n            \r\n                <\/div>\r\n\r\n        [\/vc_column][\/vc_row][vc_row full_width=\u00bbstretch_row_content_no_spaces\u00bb][vc_column][vc_gmaps link=\u00bb#E-8_JTNDaWZyYW1lJTIwc3JjJTNEJTIyaHR0cHMlM0ElMkYlMkZ3d3cuZ29vZ2xlLmNvbSUyRm1hcHMlMkZlbWJlZCUzRnBiJTNEJTIxMW0xOCUyMTFtMTIlMjExbTMlMjExZDMwMDcuODkwMjM5MjcwMTk5MyUyMTJkMS4wNTMyMDE2MTU3MDk4MTE5JTIxM2Q0MS4wNzEzOTE4MjM0ODclMjEybTMlMjExZjAlMjEyZjAlMjEzZjAlMjEzbTIlMjExaTEwMjQlMjEyaTc2OCUyMTRmMTMuMSUyMTNtMyUyMTFtMiUyMTFzMHgxMmExNDUzMjY4MDk3MzJkJTI1M0EweGNhOGM0MTFhN2EyNGNlZTElMjEyc0JSJTI1MjBDT05TVUxUT1JTJTIxNWUwJTIxM20yJTIxMXNjYSUyMTJzZXMlMjE0djE1NzUwNDUyMzIxMjYlMjE1bTIlMjExc2NhJTIxMnNlcyUyMiUyMHdpZHRoJTNEJTIyNjAwJTIyJTIwaGVpZ2h0JTNEJTIyNDUwJTIyJTIwZnJhbWVib3JkZXIlM0QlMjIwJTIyJTIwc3R5bGUlM0QlMjJib3JkZXIlM0EwJTNCJTIyJTIwYWxsb3dmdWxsc2NyZWVuJTNEJTIyJTIyJTNFJTNDJTJGaWZyYW1lJTNF\u00bb][\/vc_column][\/vc_row]<\/p>\n","protected":false},"excerpt":{"rendered":"<p>[vc_row full_width=\u00bbstretch_row_content_no_spaces\u00bb css=\u00bb.vc_custom_1557757054619{margin-top: -50px !important;padding-top: 0px !important;background-position: center !important;background-repeat: no-repeat !important;background-size: cover !important;}\u00bb][vc_column][\/vc_column][\/vc_row][vc_row][vc_column width=\u00bb1\/2&#8243; css=\u00bb.vc_custom_1575027506654{padding-top: 50px !important;}\u00bb][vc_single_image image=\u00bb1356&#8243; img_size=\u00bbfull\u00bb style=\u00bbvc_box_border\u00bb css=\u00bb.vc_custom_1575647936709{padding-top: 25px !important;}\u00bb][\/vc_column][vc_column width=\u00bb1\/2&#8243;][vc_icon icon_fontawesome=\u00bbbase-icons-settings-1&#8243; color=\u00bbcustom\u00bb size=\u00bblg\u00bb custom_color=\u00bb#000000&#8243;][\/vc_column][\/vc_row][vc_row css=\u00bb.vc_custom_1575044319156{padding-top: 35px !important;}\u00bb][vc_column][vc_icon icon_fontawesome=\u00bbbase-icons-next\u00bb color=\u00bbcustom\u00bb size=\u00bblg\u00bb align=\u00bbcenter\u00bb custom_color=\u00bb#000000&#8243;][vc_column_text css=\u00bb.vc_custom_1585062857357{margin-top: -30px !important;}\u00bb][\/vc_column_text][\/vc_column][\/vc_row][vc_row][vc_column css=\u00bb.vc_custom_1575049043848{margin-top: 50px !important;margin-bottom: 20px !important;}\u00bb][vc_separator color=\u00bbcustom\u00bb style=\u00bbdotted\u00bb accent_color=\u00bb#919191&#8243; css=\u00bb.vc_custom_1575048699738{padding-top: 20px !important;padding-bottom: 20px !important;}\u00bb][\/vc_column][\/vc_row][vc_row][vc_column css=\u00bb.vc_custom_1575049031238{margin-bottom: 50px !important;}\u00bb][vc_icon [&hellip;]<\/p>\n","protected":false},"author":2,"featured_media":0,"parent":0,"menu_order":0,"comment_status":"closed","ping_status":"closed","template":"template-landing.php","meta":[],"acf":[],"yoast_head":"<!-- This site is optimized with the Yoast SEO plugin v21.0 - https:\/\/yoast.com\/wordpress\/plugins\/seo\/ -->\n<title>BR CONSULTORS Cambrils - Datos de contacto<\/title>\n<meta name=\"description\" content=\"BR CONSULTORS - Blai Rocamora i Francesc - Consultor y asesor tributario, laboral, mercantil y otras en Cambrils. Confidencialidad, integridad, honestidad y excelencia. M\u00e1s de 30 a\u00f1os de experiencia.\" \/>\n<meta name=\"robots\" content=\"index, follow, max-snippet:-1, max-image-preview:large, max-video-preview:-1\" \/>\n<link rel=\"canonical\" href=\"https:\/\/www.brconsultors.com\/es\/contacto\/\" \/>\n<meta property=\"og:locale\" content=\"es_ES\" \/>\n<meta property=\"og:type\" content=\"article\" \/>\n<meta property=\"og:title\" content=\"BR CONSULTORS Cambrils - Datos de contacto\" \/>\n<meta property=\"og:description\" content=\"BR CONSULTORS - Blai Rocamora i Francesc - Consultor y asesor tributario, laboral, mercantil y otras en Cambrils. Confidencialidad, integridad, honestidad y excelencia. M\u00e1s de 30 a\u00f1os de experiencia.\" \/>\n<meta property=\"og:url\" content=\"https:\/\/www.brconsultors.com\/es\/contacto\/\" \/>\n<meta property=\"og:site_name\" content=\"BR Consultors\" \/>\n<meta property=\"article:modified_time\" content=\"2025-10-28T05:59:00+00:00\" \/>\n<meta name=\"twitter:card\" content=\"summary_large_image\" \/>\n<meta name=\"twitter:label1\" content=\"Tiempo de lectura\" \/>\n\t<meta name=\"twitter:data1\" content=\"1 minuto\" \/>\n<script type=\"application\/ld+json\" class=\"yoast-schema-graph\">{\"@context\":\"https:\/\/schema.org\",\"@graph\":[{\"@type\":\"WebPage\",\"@id\":\"https:\/\/www.brconsultors.com\/es\/contacto\/\",\"url\":\"https:\/\/www.brconsultors.com\/es\/contacto\/\",\"name\":\"BR CONSULTORS Cambrils - Datos de contacto\",\"isPartOf\":{\"@id\":\"https:\/\/www.brconsultors.com\/#website\"},\"datePublished\":\"2019-11-25T04:31:52+00:00\",\"dateModified\":\"2025-10-28T05:59:00+00:00\",\"description\":\"BR CONSULTORS - Blai Rocamora i Francesc - Consultor y asesor tributario, laboral, mercantil y otras en Cambrils. Confidencialidad, integridad, honestidad y excelencia. M\u00e1s de 30 a\u00f1os de experiencia.\",\"breadcrumb\":{\"@id\":\"https:\/\/www.brconsultors.com\/es\/contacto\/#breadcrumb\"},\"inLanguage\":\"es\",\"potentialAction\":[{\"@type\":\"ReadAction\",\"target\":[\"https:\/\/www.brconsultors.com\/es\/contacto\/\"]}]},{\"@type\":\"BreadcrumbList\",\"@id\":\"https:\/\/www.brconsultors.com\/es\/contacto\/#breadcrumb\",\"itemListElement\":[{\"@type\":\"ListItem\",\"position\":1,\"name\":\"Portada\",\"item\":\"https:\/\/www.brconsultors.com\/es\/\"},{\"@type\":\"ListItem\",\"position\":2,\"name\":\"Contacto\"}]},{\"@type\":\"WebSite\",\"@id\":\"https:\/\/www.brconsultors.com\/#website\",\"url\":\"https:\/\/www.brconsultors.com\/\",\"name\":\"BR Consultors\",\"description\":\"Blai Rocamora i Francesc. Consultor tributari, laboral i mercantil. Cambrils.\",\"publisher\":{\"@id\":\"https:\/\/www.brconsultors.com\/#organization\"},\"potentialAction\":[{\"@type\":\"SearchAction\",\"target\":{\"@type\":\"EntryPoint\",\"urlTemplate\":\"https:\/\/www.brconsultors.com\/?s={search_term_string}\"},\"query-input\":\"required name=search_term_string\"}],\"inLanguage\":\"es\"},{\"@type\":\"Organization\",\"@id\":\"https:\/\/www.brconsultors.com\/#organization\",\"name\":\"BR CONSULTORS\",\"url\":\"https:\/\/www.brconsultors.com\/\",\"logo\":{\"@type\":\"ImageObject\",\"inLanguage\":\"es\",\"@id\":\"https:\/\/www.brconsultors.com\/#\/schema\/logo\/image\/\",\"url\":\"https:\/\/www.brconsultors.com\/wp-content\/uploads\/2019\/05\/BR-consultors-logo-targeta.jpg\",\"contentUrl\":\"https:\/\/www.brconsultors.com\/wp-content\/uploads\/2019\/05\/BR-consultors-logo-targeta.jpg\",\"width\":1004,\"height\":650,\"caption\":\"BR CONSULTORS\"},\"image\":{\"@id\":\"https:\/\/www.brconsultors.com\/#\/schema\/logo\/image\/\"}}]}<\/script>\n<!-- \/ Yoast SEO plugin. -->","yoast_head_json":{"title":"BR CONSULTORS Cambrils - Datos de contacto","description":"BR CONSULTORS - Blai Rocamora i Francesc - Consultor y asesor tributario, laboral, mercantil y otras en Cambrils. Confidencialidad, integridad, honestidad y excelencia. M\u00e1s de 30 a\u00f1os de experiencia.","robots":{"index":"index","follow":"follow","max-snippet":"max-snippet:-1","max-image-preview":"max-image-preview:large","max-video-preview":"max-video-preview:-1"},"canonical":"https:\/\/www.brconsultors.com\/es\/contacto\/","og_locale":"es_ES","og_type":"article","og_title":"BR CONSULTORS Cambrils - Datos de contacto","og_description":"BR CONSULTORS - Blai Rocamora i Francesc - Consultor y asesor tributario, laboral, mercantil y otras en Cambrils. Confidencialidad, integridad, honestidad y excelencia. M\u00e1s de 30 a\u00f1os de experiencia.","og_url":"https:\/\/www.brconsultors.com\/es\/contacto\/","og_site_name":"BR Consultors","article_modified_time":"2025-10-28T05:59:00+00:00","twitter_card":"summary_large_image","twitter_misc":{"Tiempo de lectura":"1 minuto"},"schema":{"@context":"https:\/\/schema.org","@graph":[{"@type":"WebPage","@id":"https:\/\/www.brconsultors.com\/es\/contacto\/","url":"https:\/\/www.brconsultors.com\/es\/contacto\/","name":"BR CONSULTORS Cambrils - Datos de contacto","isPartOf":{"@id":"https:\/\/www.brconsultors.com\/#website"},"datePublished":"2019-11-25T04:31:52+00:00","dateModified":"2025-10-28T05:59:00+00:00","description":"BR CONSULTORS - Blai Rocamora i Francesc - Consultor y asesor tributario, laboral, mercantil y otras en Cambrils. Confidencialidad, integridad, honestidad y excelencia. M\u00e1s de 30 a\u00f1os de experiencia.","breadcrumb":{"@id":"https:\/\/www.brconsultors.com\/es\/contacto\/#breadcrumb"},"inLanguage":"es","potentialAction":[{"@type":"ReadAction","target":["https:\/\/www.brconsultors.com\/es\/contacto\/"]}]},{"@type":"BreadcrumbList","@id":"https:\/\/www.brconsultors.com\/es\/contacto\/#breadcrumb","itemListElement":[{"@type":"ListItem","position":1,"name":"Portada","item":"https:\/\/www.brconsultors.com\/es\/"},{"@type":"ListItem","position":2,"name":"Contacto"}]},{"@type":"WebSite","@id":"https:\/\/www.brconsultors.com\/#website","url":"https:\/\/www.brconsultors.com\/","name":"BR Consultors","description":"Blai Rocamora i Francesc. Consultor tributari, laboral i mercantil. Cambrils.","publisher":{"@id":"https:\/\/www.brconsultors.com\/#organization"},"potentialAction":[{"@type":"SearchAction","target":{"@type":"EntryPoint","urlTemplate":"https:\/\/www.brconsultors.com\/?s={search_term_string}"},"query-input":"required name=search_term_string"}],"inLanguage":"es"},{"@type":"Organization","@id":"https:\/\/www.brconsultors.com\/#organization","name":"BR CONSULTORS","url":"https:\/\/www.brconsultors.com\/","logo":{"@type":"ImageObject","inLanguage":"es","@id":"https:\/\/www.brconsultors.com\/#\/schema\/logo\/image\/","url":"https:\/\/www.brconsultors.com\/wp-content\/uploads\/2019\/05\/BR-consultors-logo-targeta.jpg","contentUrl":"https:\/\/www.brconsultors.com\/wp-content\/uploads\/2019\/05\/BR-consultors-logo-targeta.jpg","width":1004,"height":650,"caption":"BR CONSULTORS"},"image":{"@id":"https:\/\/www.brconsultors.com\/#\/schema\/logo\/image\/"}}]}},"_links":{"self":[{"href":"https:\/\/www.brconsultors.com\/es\/wp-json\/wp\/v2\/pages\/1451"}],"collection":[{"href":"https:\/\/www.brconsultors.com\/es\/wp-json\/wp\/v2\/pages"}],"about":[{"href":"https:\/\/www.brconsultors.com\/es\/wp-json\/wp\/v2\/types\/page"}],"author":[{"embeddable":true,"href":"https:\/\/www.brconsultors.com\/es\/wp-json\/wp\/v2\/users\/2"}],"replies":[{"embeddable":true,"href":"https:\/\/www.brconsultors.com\/es\/wp-json\/wp\/v2\/comments?post=1451"}],"version-history":[{"count":0,"href":"https:\/\/www.brconsultors.com\/es\/wp-json\/wp\/v2\/pages\/1451\/revisions"}],"wp:attachment":[{"href":"https:\/\/www.brconsultors.com\/es\/wp-json\/wp\/v2\/media?parent=1451"}],"curies":[{"name":"wp","href":"https:\/\/api.w.org\/{rel}","templated":true}]}}